{"id":25,"date":"2012-02-06T14:17:19","date_gmt":"2012-02-06T14:17:19","guid":{"rendered":"http:\/\/www.fonbec.org.ar\/wordpress\/?page_id=25"},"modified":"2022-10-17T14:29:56","modified_gmt":"2022-10-17T17:29:56","slug":"dona-ahora","status":"publish","type":"page","link":"https:\/\/www.fonbec.org.ar\/?page_id=25","title":{"rendered":"Apadrinar"},"content":{"rendered":"\n<p class=\"has-medium-font-size\">Como Padrino o Madrina de FONBEC pod\u00e9s ayudar mediante un aporte econ\u00f3mico (beca) de $ 5.200.- mensuales para un ni\u00f1o alumno de nivel primario y\/o secundario y $7.500.- mensuales para un estudiante terciario y\/o universitario.<\/p>\n\n\n\n<p class=\"has-medium-font-size\">La relaci\u00f3n entre Becario\/a y Padrino\/Madrina no es solo econ\u00f3mica. Ellos se relacionan mediante cartas peri\u00f3dicas.\u00a0 A trav\u00e9s de ellas los Padrinos van conociendo los distintos aspectos de la vida de sus Ahijados, y establecen un v\u00ednculo muchas veces duradero en el tiempo.<\/p>\n\n\n\n<p class=\"has-medium-font-size\">Cuando Ahijados y Padrinos\/Madrinas manifiestan su deseo de conocerse, FONBEC facilita el encuentro. <\/p>\n\n\n\n<p class=\"has-medium-font-size\">La experiencia demuestra que el Padrino\/Madrina se transforma en un verdadero referente para su Ahijado\/a, y el v\u00ednculo que se establece entre ellos enriquece a ambos.<\/p>\n\n\n\n<p><\/p>\n\n\n\n<p><\/p>\n\n\n\n<p><\/p>\n\n\n\n<p><\/p>\n\n\n\n<p><\/p>\n\n\n\n<p><\/p>\n\n\n\n<p><\/p>\n\n\n\n<p><\/p>\n\n\n\n<p><\/p>\n\n\n\n<p><\/p>\n\n\n\n<p class=\"has-text-align-center has-text-color\" style=\"color:#428273;font-size:28px\"><strong>HAY MUCHOS NI\u00d1OS Y ADOLESCENTES ESPER\u00c1NDOTE<\/strong><\/p>\n\n\n\n<div class=\"wp-block-contact-form-7-contact-form-selector\"><div role=\"form\" class=\"wpcf7\" id=\"wpcf7-f155-o1\" lang=\"en-US\" dir=\"ltr\">\n<div class=\"screen-reader-response\"><p role=\"status\" aria-live=\"polite\" aria-atomic=\"true\"><\/p> <ul><\/ul><\/div>\n<form action=\"\/index.php?rest_route=%2Fwp%2Fv2%2Fpages%2F25#wpcf7-f155-o1\" method=\"post\" class=\"wpcf7-form init\" novalidate=\"novalidate\" data-status=\"init\">\n<div style=\"display: none;\">\n<input type=\"hidden\" name=\"_wpcf7\" value=\"155\" \/>\n<input type=\"hidden\" name=\"_wpcf7_version\" value=\"5.5.6\" \/>\n<input type=\"hidden\" name=\"_wpcf7_locale\" value=\"en_US\" \/>\n<input type=\"hidden\" name=\"_wpcf7_unit_tag\" value=\"wpcf7-f155-o1\" \/>\n<input type=\"hidden\" name=\"_wpcf7_container_post\" value=\"0\" \/>\n<input type=\"hidden\" name=\"_wpcf7_posted_data_hash\" value=\"\" \/>\n<\/div>\n<div class=\"row\">\n<div class=\"c-left\">\n<label for=\"f-name\">Nombre:<\/label><br \/>\n<span class=\"wpcf7-form-control-wrap your-name\"><input type=\"text\" name=\"your-name\" value=\"\" size=\"40\" class=\"wpcf7-form-control wpcf7-text wpcf7-validates-as-required input\" id=\"f-name\" aria-required=\"true\" aria-invalid=\"false\" \/><\/span>\n<\/div>\n<div class=\"c-right\">\n<label for=\"f-last\">Apellido:<\/label><br \/>\n<span class=\"wpcf7-form-control-wrap your-lastname\"><input type=\"text\" name=\"your-lastname\" value=\"\" size=\"40\" class=\"wpcf7-form-control wpcf7-text wpcf7-validates-as-required input\" id=\"f-last\" aria-required=\"true\" aria-invalid=\"false\" \/><\/span>\n<\/div>\n<p><span id=\"wpcf7-69eb7b4ec60fd-wrapper\" class=\"wpcf7-form-control-wrap aditional-info-549-wrap\" ><label for=\"wpcf7-69eb7b4ec60fd-field\" class=\"hp-message\">Please leave this field empty.<\/label><input id=\"wpcf7-69eb7b4ec60fd-field\"  class=\"wpcf7-form-control wpcf7-text\" type=\"text\" name=\"aditional-info-549\" value=\"\" size=\"40\" tabindex=\"-1\" autocomplete=\"new-password\" \/><\/span><\/p>\n<\/div>\n<div class=\"row\">\n<div class=\"c-left\">\n<label for=\"f-mail\">E-mail:<\/label><br \/>\n<span class=\"wpcf7-form-control-wrap your-email\"><input type=\"email\" name=\"your-email\" value=\"\" size=\"40\" class=\"wpcf7-form-control wpcf7-text wpcf7-email wpcf7-validates-as-required wpcf7-validates-as-email input\" id=\"f-mail\" aria-required=\"true\" aria-invalid=\"false\" \/><\/span>\n<\/div>\n<div class=\"c-right\">\n<label for=\"f-tel\">Tel\u00e9fono:<\/label><br \/>\n<span class=\"wpcf7-form-control-wrap your-phone\"><input type=\"text\" name=\"your-phone\" value=\"\" size=\"40\" class=\"wpcf7-form-control wpcf7-text input\" id=\"f-tel\" aria-invalid=\"false\" \/><\/span>\n<\/div>\n<\/div>\n<div class=\"row\">\n<div class=\"c-left\">\n<label for=\"f-cel\">Celular:<\/label><br \/>\n<span class=\"wpcf7-form-control-wrap your-celphone\"><input type=\"text\" name=\"your-celphone\" value=\"\" size=\"40\" class=\"wpcf7-form-control wpcf7-text input\" id=\"f-cel\" aria-invalid=\"false\" \/><\/span>\n<\/div>\n<div class=\"c-right\">\n<label for=\"f-empresa\">Empresa:<\/label><br \/>\n<span class=\"wpcf7-form-control-wrap your-empresa\"><input type=\"text\" name=\"your-empresa\" value=\"\" size=\"40\" class=\"wpcf7-form-control wpcf7-text input\" id=\"f-empresa\" aria-invalid=\"false\" \/><\/span>\n<\/div>\n<\/div>\n<div class=\"row\">\n<label for=\"f-conoce\">\u00bfC\u00f3mo conoci\u00f3 FONBEC?<\/label><br \/>\n<span class=\"wpcf7-form-control-wrap your-conoce\"><input type=\"text\" name=\"your-conoce\" value=\"\" size=\"40\" class=\"wpcf7-form-control wpcf7-text wpcf7-validates-as-required input\" id=\"f-conoce\" aria-required=\"true\" aria-invalid=\"false\" \/><\/span>\n<\/div>\n<div class=\"row\">\n<label for=\"f-comment\">Comentario:<\/label><br \/>\n<span class=\"wpcf7-form-control-wrap your-message\"><textarea name=\"your-message\" cols=\"40\" rows=\"10\" class=\"wpcf7-form-control wpcf7-textarea\" id=\"f-comment\" aria-invalid=\"false\"><\/textarea><\/span>\n<\/div>\n<div class=\"row\"><input type=\"submit\" value=\"CONTACTAR\" class=\"wpcf7-form-control has-spinner wpcf7-submit btn\" \/><\/div>\n<p style=\"display: none !important;\" class=\"akismet-fields-container\" data-prefix=\"_wpcf7_ak_\"><label>&#916;<textarea name=\"_wpcf7_ak_hp_textarea\" cols=\"45\" rows=\"8\" maxlength=\"100\"><\/textarea><\/label><input type=\"hidden\" id=\"ak_js_1\" name=\"_wpcf7_ak_js\" value=\"206\"\/><script type=\"text\/javascript\">\n\/* <![CDATA[ *\/\ndocument.getElementById( \"ak_js_1\" ).setAttribute( \"value\", ( new Date() ).getTime() );\n\/* ]]> *\/\n<\/script>\n<\/p><div class=\"wpcf7-response-output\" aria-hidden=\"true\"><\/div><\/form><\/div><\/div>\n","protected":false},"excerpt":{"rendered":"<p>Como Padrino o Madrina de FONBEC pod\u00e9s ayudar mediante un aporte econ\u00f3mico (beca) de $ 5.200.- mensuales para un ni\u00f1o alumno de nivel primario y\/o secundario y $7.500.- mensuales para un estudiante terciario y\/o universitario. La relaci\u00f3n entre Becario\/a y Padrino\/Madrina no es solo econ\u00f3mica. Ellos se relacionan mediante cartas peri\u00f3dicas.\u00a0 A trav\u00e9s de ellas &hellip; <\/p>\n","protected":false},"author":1,"featured_media":0,"parent":0,"menu_order":0,"comment_status":"closed","ping_status":"open","template":"","meta":{"footnotes":""},"class_list":["post-25","page","type-page","status-publish","hentry"],"_links":{"self":[{"href":"https:\/\/www.fonbec.org.ar\/index.php?rest_route=\/wp\/v2\/pages\/25","targetHints":{"allow":["GET"]}}],"collection":[{"href":"https:\/\/www.fonbec.org.ar\/index.php?rest_route=\/wp\/v2\/pages"}],"about":[{"href":"https:\/\/www.fonbec.org.ar\/index.php?rest_route=\/wp\/v2\/types\/page"}],"author":[{"embeddable":true,"href":"https:\/\/www.fonbec.org.ar\/index.php?rest_route=\/wp\/v2\/users\/1"}],"replies":[{"embeddable":true,"href":"https:\/\/www.fonbec.org.ar\/index.php?rest_route=%2Fwp%2Fv2%2Fcomments&post=25"}],"version-history":[{"count":9,"href":"https:\/\/www.fonbec.org.ar\/index.php?rest_route=\/wp\/v2\/pages\/25\/revisions"}],"predecessor-version":[{"id":2424,"href":"https:\/\/www.fonbec.org.ar\/index.php?rest_route=\/wp\/v2\/pages\/25\/revisions\/2424"}],"wp:attachment":[{"href":"https:\/\/www.fonbec.org.ar\/index.php?rest_route=%2Fwp%2Fv2%2Fmedia&parent=25"}],"curies":[{"name":"wp","href":"https:\/\/api.w.org\/{rel}","templated":true}]}}