{"id":243,"date":"2012-02-09T21:34:34","date_gmt":"2012-02-09T21:34:34","guid":{"rendered":"http:\/\/www.fonbec.org.ar\/wordpress\/?page_id=243"},"modified":"2024-03-27T14:29:14","modified_gmt":"2024-03-27T17:29:14","slug":"apadrinar-o-donar-2","status":"publish","type":"page","link":"https:\/\/www.fonbec.org.ar\/?page_id=243","title":{"rendered":"Apadrinar"},"content":{"rendered":"<h4><span style=\"font-weight: 400;\">Como Padrino o Madrina de FONBEC pod\u00e9s ayudar mediante un aporte econ\u00f3mico mensual a estudiantes de nivel primario, secundario y\/o terciario\/universitario.<\/span><\/h4>\n<h4><span style=\"font-weight: 400;\">La relaci\u00f3n entre Becario y Padrino no es solo econ\u00f3mica. Ellos se relacionan mediante cartas peri\u00f3dicas.\u00a0 A trav\u00e9s de ellas los Padrinos van conociendo los distintos aspectos de la vida de sus Ahijados, y establecen un v\u00ednculo muchas veces duradero en el tiempo.<\/span><\/h4>\n<h4><span style=\"font-weight: 400;\">Cuando Ahijados y Padrinos manifiestan su deseo de conocerse, FONBEC facilita el encuentro. La experiencia demuestra que el Padrino se transforma en un verdadero referente para su Ahijado, y el v\u00ednculo que se establece entre ellos enriquece a ambos.<\/span><\/h4>\n<h4>\u00a0<\/h4>\n<h3 style=\"text-align: center;\"><span style=\"color: #008080;\">\u00bfTe gustar\u00eda ser Padrino o Madrina de FONBEC?<\/span><\/h3>\n<h3 style=\"text-align: center; text-transform: uppercase;\"><span style=\"color: #008080;\">Hay muchos ni\u00f1os y adolescentes esper\u00e1ndote<\/span><\/h3>\n\n\n<div class=\"wp-block-contact-form-7-contact-form-selector\"><div role=\"form\" class=\"wpcf7\" id=\"wpcf7-f1561-o1\" lang=\"es-ES\" dir=\"ltr\">\n<div class=\"screen-reader-response\"><p role=\"status\" aria-live=\"polite\" aria-atomic=\"true\"><\/p> <ul><\/ul><\/div>\n<form action=\"\/index.php?rest_route=%2Fwp%2Fv2%2Fpages%2F243#wpcf7-f1561-o1\" method=\"post\" class=\"wpcf7-form init\" novalidate=\"novalidate\" data-status=\"init\">\n<div style=\"display: none;\">\n<input type=\"hidden\" name=\"_wpcf7\" value=\"1561\" \/>\n<input type=\"hidden\" name=\"_wpcf7_version\" value=\"5.5.6\" \/>\n<input type=\"hidden\" name=\"_wpcf7_locale\" value=\"es_ES\" \/>\n<input type=\"hidden\" name=\"_wpcf7_unit_tag\" value=\"wpcf7-f1561-o1\" \/>\n<input type=\"hidden\" name=\"_wpcf7_container_post\" value=\"0\" \/>\n<input type=\"hidden\" name=\"_wpcf7_posted_data_hash\" value=\"\" \/>\n<\/div>\n<h3>Opciones para ponerte en contacto<\/h3>\n<ul style=\"list-style: disc; margin-bottom: 2em; margin-left: 2em\">\n<li>\n    Escribinos a <a href=\"mailto:info@fonbec.org.ar\">info@fonbec.org.ar<\/a>\n  <\/li>\n<li>\n    Por tel\u00e9fono:<\/p>\n<ul>\n<li><a href=\"tel:+54351152146013\">351 152146013<\/a><\/li>\n<li><a href=\"tel:+543413767247\">341 3767247<\/a><\/li>\n<li><a href=\"tel:+541122557073\">11 22557073<\/a><\/li>\n<li><a href=\"tel:+542616006521\">261 6006521<\/a><\/li>\n<\/ul>\n<p>    <!--\n<ul>\n<li>\n        <a href=\"tel:+543515988644\">0351 5988644<\/a> (Oficina de FONBEC nacional, l\u00ednea fija)\n      <\/li>\n<li>\n        <a href=\"tel:+543514235478\">0351 4235478<\/a> (Tel\u00e9fono de Facundo Garayoa)\n      <\/li>\n<\/ul>\n<p> -->\n  <\/li>\n<li>IG: fonbec_nacional<\/li>\n<li>Complet\u00e1 el siguiente formulario:<\/li>\n<\/ul>\n<table border=\"0\">\n<tr>\n<td style=\"vertical-align: top; text-align: right\">Tu nombre:<\/td>\n<td><span class=\"wpcf7-form-control-wrap from\"><input type=\"text\" name=\"from\" value=\"\" size=\"40\" class=\"wpcf7-form-control wpcf7-text wpcf7-validates-as-required\" aria-required=\"true\" aria-invalid=\"false\" \/><\/span><\/td>\n<\/tr>\n<tr>\n<td style=\"vertical-align: top; text-align: right\">\n      Tu direcci\u00f3n de correo:\n    <\/td>\n<td><span class=\"wpcf7-form-control-wrap email\"><input type=\"email\" name=\"email\" value=\"\" size=\"40\" class=\"wpcf7-form-control wpcf7-text wpcf7-email wpcf7-validates-as-required wpcf7-validates-as-email\" aria-required=\"true\" aria-invalid=\"false\" \/><\/span><\/td>\n<\/tr>\n<p>  <span id=\"wpcf7-69eb7b0222ba3-wrapper\" class=\"wpcf7-form-control-wrap aditional-info-691-wrap\" ><label for=\"wpcf7-69eb7b0222ba3-field\" class=\"hp-message\">Please leave this field empty.<\/label><input id=\"wpcf7-69eb7b0222ba3-field\"  class=\"wpcf7-form-control wpcf7-text\" type=\"text\" name=\"aditional-info-691\" value=\"\" size=\"40\" tabindex=\"-1\" autocomplete=\"new-password\" \/><\/span><\/p>\n<tr>\n<td style=\"vertical-align: top; text-align: right\">Tu mensaje:<\/td>\n<td><span class=\"wpcf7-form-control-wrap message\"><textarea name=\"message\" cols=\"40\" rows=\"10\" class=\"wpcf7-form-control wpcf7-textarea\" aria-invalid=\"false\"><\/textarea><\/span><\/td>\n<\/tr>\n<\/table>\n<p><input type=\"submit\" value=\"Enviar\" class=\"wpcf7-form-control has-spinner wpcf7-submit\" \/><\/p>\n<p style=\"display: none !important;\" class=\"akismet-fields-container\" data-prefix=\"_wpcf7_ak_\"><label>&#916;<textarea name=\"_wpcf7_ak_hp_textarea\" cols=\"45\" rows=\"8\" maxlength=\"100\"><\/textarea><\/label><input type=\"hidden\" id=\"ak_js_1\" name=\"_wpcf7_ak_js\" value=\"20\"\/><script type=\"text\/javascript\">\n\/* <![CDATA[ *\/\ndocument.getElementById( \"ak_js_1\" ).setAttribute( \"value\", ( new Date() ).getTime() );\n\/* ]]> *\/\n<\/script>\n<\/p><div class=\"wpcf7-response-output\" aria-hidden=\"true\"><\/div><\/form><\/div><\/div>\n","protected":false},"excerpt":{"rendered":"<p>Como Padrino o Madrina de FONBEC pod\u00e9s ayudar mediante un aporte econ\u00f3mico mensual a estudiantes de nivel primario, secundario y\/o terciario\/universitario. La relaci\u00f3n entre Becario y Padrino no es solo econ\u00f3mica. Ellos se relacionan mediante cartas peri\u00f3dicas.\u00a0 A trav\u00e9s de ellas los Padrinos van conociendo los distintos aspectos de la vida de sus Ahijados, y &hellip; <\/p>\n","protected":false},"author":1,"featured_media":0,"parent":0,"menu_order":0,"comment_status":"closed","ping_status":"open","template":"","meta":{"footnotes":""},"class_list":["post-243","page","type-page","status-publish","hentry"],"_links":{"self":[{"href":"https:\/\/www.fonbec.org.ar\/index.php?rest_route=\/wp\/v2\/pages\/243","targetHints":{"allow":["GET"]}}],"collection":[{"href":"https:\/\/www.fonbec.org.ar\/index.php?rest_route=\/wp\/v2\/pages"}],"about":[{"href":"https:\/\/www.fonbec.org.ar\/index.php?rest_route=\/wp\/v2\/types\/page"}],"author":[{"embeddable":true,"href":"https:\/\/www.fonbec.org.ar\/index.php?rest_route=\/wp\/v2\/users\/1"}],"replies":[{"embeddable":true,"href":"https:\/\/www.fonbec.org.ar\/index.php?rest_route=%2Fwp%2Fv2%2Fcomments&post=243"}],"version-history":[{"count":11,"href":"https:\/\/www.fonbec.org.ar\/index.php?rest_route=\/wp\/v2\/pages\/243\/revisions"}],"predecessor-version":[{"id":2447,"href":"https:\/\/www.fonbec.org.ar\/index.php?rest_route=\/wp\/v2\/pages\/243\/revisions\/2447"}],"wp:attachment":[{"href":"https:\/\/www.fonbec.org.ar\/index.php?rest_route=%2Fwp%2Fv2%2Fmedia&parent=243"}],"curies":[{"name":"wp","href":"https:\/\/api.w.org\/{rel}","templated":true}]}}