{"id":22,"date":"2012-02-06T14:12:55","date_gmt":"2012-02-06T14:12:55","guid":{"rendered":"http:\/\/www.fonbec.org.ar\/wordpress\/?page_id=22"},"modified":"2021-12-21T18:01:58","modified_gmt":"2021-12-21T21:01:58","slug":"carta-de-ahijados","status":"publish","type":"page","link":"https:\/\/www.fonbec.org.ar\/?page_id=22","title":{"rendered":"Empresas que apoyan"},"content":{"rendered":"<p><a href=\"https:\/\/www.fonbec.org.ar\/wp-content\/uploads\/2012\/02\/Marca-ITC-curvas-02.png\"><br \/><\/a>\u00abEn Argentina, <strong>3 de cada 10 ciudadanos<\/strong> consideran que la educaci\u00f3n es la principal \u00e1rea en que las empresas deber\u00edan ayudar a su comunidad, seguida por la pobreza y la seguridad con 2 de cada 10 menciones.\u00bb<\/p>\n<p>Fuente: \u00abLos argentinos y la Responsabilidad Social\u00bb,\u00a0Consultora TNS Gallup.<\/p>\n<h3>FONBEC sostiene que para TERMINAR CON LA POBREZA hay que ayudarlos a DESPLEGAR SU RIQUEZA INTERIOR y lo hace a trav\u00e9s de la EDUCACI\u00d3N, llegando as\u00ed a las ra\u00edces de factores que afectan a la\u00a0seguridad y la pobreza.<\/h3>\n<p>El sector privado ha ido modificando sus programas de Responsabilidad Social Empresaria (RSE), evolucionando de la asistencia y la contenci\u00f3n social hacia el apoyo del sistema educativo, sobre la idea de que es por esa dimensi\u00f3n donde pasan\u00a0los procesos de inclusi\u00f3n social reales para los pr\u00f3ximos a\u00f1os, beneficiando en forma directa a estudiantes y sus familias e indirectamente a la comunidad toda y con altas probabilidades de \u00e9xito, se <em>siembra en tierra f\u00e9rtil<\/em>: los destinatarios (becarios) son estudiantes virtuosos, que a pesar de las adversidades que deben enfrentar, manifiestan un fuerte compromiso educativo.<\/p>\n<p>Estas empresas concretan su programa de RSE a trav\u00e9s de <strong>FONBEC<\/strong><\/p>\n<div>\n<div>\u00a0<\/div>\n<\/div>\n\n\n<figure class=\"wp-block-image size-large is-resized\"><img loading=\"lazy\" decoding=\"async\" src=\"https:\/\/www.fonbec.org.ar\/wp-content\/uploads\/2020\/11\/logos-empresas-todas-filiales-OK-1-1024x576.png\" alt=\"\" class=\"wp-image-1866\" width=\"591\" height=\"332\"\/><\/figure>\n\n\n\n<ul class=\"wp-block-list\"><li>Absa &#8211; Nutrici\u00f3n Animal<\/li><li>Aguas Cordobesas<\/li><li>Asociaci\u00f3n de Magistrados<\/li><li>Banco Galicia<\/li><li>Banco Hipotecario<\/li><li>Bodegas Chandon<\/li><li>Bodegas Trivento<\/li><li>Cadena 3<\/li><li>Centro Color<\/li><li>COCA COLA &#8211; Andina<\/li><li>Grupo EDISUR<\/li><li>COMMBI &#8211; C\u00e1mara Argentina de Comercio minorista y mayorista de bicicletas, partes, rodados y afines<\/li><li>Consultnet SRL<\/li><li>Denso<\/li><li>Distribuidora Frappampino<\/li><li>EDEMSA<\/li><li>Farmacia Caruso<\/li><li>Farmacia LIDER S.A<\/li><li>Fragapane hnos. SRL<\/li><li>Fundaci\u00f3n para el progreso de la UCC<\/li><li>Gastaldi Hnos.<\/li><li>Hospital Privado<\/li><li>INMEBA SRL<\/li><li>Instituto Modelo de Cardiologia<\/li><li>Inter Agro SRL<\/li><li>ISCOT Services SA<\/li><li>ITC Internet y conectividad<\/li><li>Juan Mario Espa\u00f1on S.A. (Bicicletas Enrique)<\/li><li>Klixar<\/li><li>Mecanalisis<\/li><li>Magistrados de Mendoza<\/li><li>Molco Sport SRL<\/li><li>Montemar Cia Financiera<\/li><li>Musimundo<\/li><li>Nexo Group<\/li><li>OLAS SRL<\/li><li>Piero Grupos de Estudio<\/li><li>Pl\u00e1sticos DISE<\/li><li>Prudential<\/li><li>Rotary Club<\/li><li>San Crist\u00f3bal<\/li><li>Sena S.A<\/li><li>T y C S.R.L<\/li><li>TAGLE<\/li><li>Naranja<\/li><li>TECME SA<\/li><li>Tecno Air<\/li><li>Tecno Voz Noroeste S.A<\/li><li>Macromet<\/li><li>Usina de Tandil<\/li><li>Verallia<\/li><li>Womhole<\/li><li>Zanetti<\/li><\/ul>\n","protected":false},"excerpt":{"rendered":"<p>\u00abEn Argentina, 3 de cada 10 ciudadanos consideran que la educaci\u00f3n es la principal \u00e1rea en que las empresas deber\u00edan ayudar a su comunidad, seguida por la pobreza y la seguridad con 2 de cada 10 menciones.\u00bb Fuente: \u00abLos argentinos y la Responsabilidad Social\u00bb,\u00a0Consultora TNS Gallup. FONBEC sostiene que para TERMINAR CON LA POBREZA hay &hellip; <\/p>\n","protected":false},"author":1,"featured_media":0,"parent":0,"menu_order":0,"comment_status":"closed","ping_status":"open","template":"","meta":{"footnotes":""},"class_list":["post-22","page","type-page","status-publish","hentry"],"_links":{"self":[{"href":"https:\/\/www.fonbec.org.ar\/index.php?rest_route=\/wp\/v2\/pages\/22","targetHints":{"allow":["GET"]}}],"collection":[{"href":"https:\/\/www.fonbec.org.ar\/index.php?rest_route=\/wp\/v2\/pages"}],"about":[{"href":"https:\/\/www.fonbec.org.ar\/index.php?rest_route=\/wp\/v2\/types\/page"}],"author":[{"embeddable":true,"href":"https:\/\/www.fonbec.org.ar\/index.php?rest_route=\/wp\/v2\/users\/1"}],"replies":[{"embeddable":true,"href":"https:\/\/www.fonbec.org.ar\/index.php?rest_route=%2Fwp%2Fv2%2Fcomments&post=22"}],"version-history":[{"count":2,"href":"https:\/\/www.fonbec.org.ar\/index.php?rest_route=\/wp\/v2\/pages\/22\/revisions"}],"predecessor-version":[{"id":2313,"href":"https:\/\/www.fonbec.org.ar\/index.php?rest_route=\/wp\/v2\/pages\/22\/revisions\/2313"}],"wp:attachment":[{"href":"https:\/\/www.fonbec.org.ar\/index.php?rest_route=%2Fwp%2Fv2%2Fmedia&parent=22"}],"curies":[{"name":"wp","href":"https:\/\/api.w.org\/{rel}","templated":true}]}}