{"id":2055,"date":"2021-06-03T17:40:59","date_gmt":"2021-06-03T20:40:59","guid":{"rendered":"http:\/\/www.fonbec.org.ar\/?page_id=2055"},"modified":"2024-03-27T16:46:52","modified_gmt":"2024-03-27T19:46:52","slug":"experiencias","status":"publish","type":"page","link":"https:\/\/www.fonbec.org.ar\/?page_id=2055","title":{"rendered":"Experiencias"},"content":{"rendered":"\n<h2 class=\"wp-block-heading has-text-align-center\"><strong>Nos importa la mirada de quienes nos rodean.<\/strong><\/h2>\n\n\n\n<h2 class=\"wp-block-heading has-text-align-center\"><strong>He aqu\u00ed el testimonio de quienes conocen el trabajo de FONBEC y sus resultados.<\/strong><\/h2>\n\n\n\n<p class=\"has-text-align-center\"><strong>BARBARA NEGRI (DNI 29.076.723) madrina de Karen Cisterna<\/strong><\/p>\n\n\n\n<p><strong><strong>\u00ab<\/strong>Cuando comenc\u00e9 a ser madrina de FONBEC solo tuve en cuenta si estaba dentro de mis posibilidades econ\u00f3micas el pago mensual de la beca. Hasta que lleg\u00f3 la primera carta de Karen. All\u00ed \u201cla conoc\u00ed\u201d. Supe qui\u00e9n era, como estaba integrada su familia, a qu\u00e9 hab\u00eda aplicado el dinero de la beca, cu\u00e1les eran sus problemas y cu\u00e1les eran sus sue\u00f1os. Mi aporte dej\u00f3 de ser para FONBEC, ahora yo sab\u00eda que mi aporte era para Karen. En octubre de 2009, en un encuentro grupal organizado por FONBEC, me reun\u00ed con ella y comprob\u00e9 que es una criatura t\u00edmida y deliciosa. Todos los meses espero ansiosa sus cartas y no dejo de aprender de ellas. Creo que soy yo quien m\u00e1s recibe. La beca de FONBEC es una magia, porque hace bien \u201cde una\u201d, tanto al padrino como al ahijado<strong>\u00bb<\/strong>.<\/strong><\/p>\n\n\n\n<p class=\"has-text-align-center\"><strong>M\u00d3NICA CARO<\/strong><\/p>\n\n\n\n<p><strong>\u00abPara los que pensamos que la despareja posibilidad de acceso a la educaci\u00f3n es una de las principales causa de desigualdad, para los que tuvimos la oportunidad de tenerla, disfrutar su valor y ofrecerla a nuestros hijos, pensamos que FONBEC es la instituci\u00f3n social id\u00f3nea para que otro ni\u00f1o, nuestro ahijado, sienta que para \u00e9l tambi\u00e9n es posible\u00bb.<\/strong><\/p>\n\n\n\n<p class=\"has-text-align-center\"><strong>LILIANA CORAZZA DNI 16.018.562) Docente escuela ESB N\u00b017 Bs As. Mediadora<\/strong><\/p>\n\n\n\n<p><strong>\u00abHace muchos a\u00f1os que estoy en esta escuela. Empec\u00e9 siendo preceptora, hoy soy secretaria; y desde la tarea de preceptora es como aprend\u00ed a conocer y querer esta escuela con todo lo que tiene y lo que &#8220;no tiene&#8221;. Me permiti\u00f3 as\u00ed tambi\u00e9n meterme en la vida de estos alumnos\/ni\u00f1os\/adolescentes, muchos cumpliendo la tarea de padres de familia, y as\u00ed empezar a ver su vulnerabilidad y tambi\u00e9n a &#8220;no creer&#8221; cuando alguien nos ofrec\u00eda algo para estos chicos.<\/strong><\/p>\n\n\n\n<p><strong>Un d\u00eda se hace presente un muchacho en la escuela (Lucas) y nos ofrece las becas. Por supuesto, no lo cre\u00ed. Dije: \u00a1\u00a1\u00a1\u00a1Otra cosa m\u00e1s que nos prometen!!!! Mejor no lo comentemos, porque esto seguro nunca llega\u2026 \u00a1Qu\u00e9 suerte! \u00a1Qu\u00e9 alegr\u00eda! Fonbec no era &#8220;una promesa m\u00e1s&#8221;; y empezamos a confiar\u2026. \u00a1\u00a1\u00a1\u00a1\u00a1Porque LLEG\u00d3!!!!!<\/strong><\/p>\n\n\n\n<p><strong>Personalmente, tengo que agradecerles a todas esas personas, que no conozco, que s\u00e9 que trabajan esperando muy poco , y mucho a la vez, por ejemplo la llegada de una carta; y para nuestros chicos, ustedes son, aunque les parezca una exageraci\u00f3n, una ventana abierta a la esperanza. A la esperanza no s\u00f3lo del dinero, a la esperanza que se traduce en: valores tan olvidados, solidaridad, confianza, amistad, esfuerzo, pero por sobre todo, creer en la mano tendida, en la mano de los que hoy me ayudan para poder, ma\u00f1ana, seguir este ejemplo, \u00a1Que no es poco!.<\/strong><\/p>\n\n\n\n<p><strong>S\u00f3lo me resta darles miles de gracias de parte de toda la E.S N\u00ba17 y decirles que mi mano tambi\u00e9n est\u00e1 tendida\u2026\u00bb<\/strong><\/p>\n\n\n\n<p><\/p>\n\n\n\n<p><strong><em>TESTIMONIO PADRINO FONBEC:<\/em><\/strong><\/p>\n\n\n\n<figure class=\"wp-block-video\"><video height=\"480\" style=\"aspect-ratio: 854 \/ 480;\" width=\"854\" controls src=\"https:\/\/www.fonbec.org.ar\/wp-content\/uploads\/2021\/08\/My-Movie-7-Medium.mov\"><\/video><\/figure>\n","protected":false},"excerpt":{"rendered":"<p>Nos importa la mirada de quienes nos rodean. He aqu\u00ed el testimonio de quienes conocen el trabajo de FONBEC y sus resultados. BARBARA NEGRI (DNI 29.076.723) madrina de Karen Cisterna \u00abCuando comenc\u00e9 a ser madrina de FONBEC solo tuve en cuenta si estaba dentro de mis posibilidades econ\u00f3micas el pago mensual de la beca. Hasta &hellip; <\/p>\n","protected":false},"author":2,"featured_media":0,"parent":0,"menu_order":0,"comment_status":"closed","ping_status":"closed","template":"","meta":{"footnotes":""},"class_list":["post-2055","page","type-page","status-publish","hentry"],"_links":{"self":[{"href":"https:\/\/www.fonbec.org.ar\/index.php?rest_route=\/wp\/v2\/pages\/2055","targetHints":{"allow":["GET"]}}],"collection":[{"href":"https:\/\/www.fonbec.org.ar\/index.php?rest_route=\/wp\/v2\/pages"}],"about":[{"href":"https:\/\/www.fonbec.org.ar\/index.php?rest_route=\/wp\/v2\/types\/page"}],"author":[{"embeddable":true,"href":"https:\/\/www.fonbec.org.ar\/index.php?rest_route=\/wp\/v2\/users\/2"}],"replies":[{"embeddable":true,"href":"https:\/\/www.fonbec.org.ar\/index.php?rest_route=%2Fwp%2Fv2%2Fcomments&post=2055"}],"version-history":[{"count":5,"href":"https:\/\/www.fonbec.org.ar\/index.php?rest_route=\/wp\/v2\/pages\/2055\/revisions"}],"predecessor-version":[{"id":2459,"href":"https:\/\/www.fonbec.org.ar\/index.php?rest_route=\/wp\/v2\/pages\/2055\/revisions\/2459"}],"wp:attachment":[{"href":"https:\/\/www.fonbec.org.ar\/index.php?rest_route=%2Fwp%2Fv2%2Fmedia&parent=2055"}],"curies":[{"name":"wp","href":"https:\/\/api.w.org\/{rel}","templated":true}]}}