{"id":2003,"date":"2012-02-06T14:04:39","date_gmt":"2012-02-06T14:04:39","guid":{"rendered":"http:\/\/www.fonbec.org.ar\/wordpress\/?page_id=8"},"modified":"2024-03-27T17:14:42","modified_gmt":"2024-03-27T20:14:42","slug":"nuestra-mision","status":"publish","type":"page","link":"https:\/\/www.fonbec.org.ar\/?page_id=2003","title":{"rendered":"Nuestra Misi\u00f3n"},"content":{"rendered":"<h2 style=\"text-align: center;\"><span style=\"color: #008080;\">\u00bfQui\u00e9nes somos?<\/span><\/h2>\n<h4 style=\"text-align: center;\">&#8220;En 1999 Facundo Garayoa (actual Director Ejecutivo) comenz\u00f3 con Fonbec, buscando padrinos que apoyen econ\u00f3micamente a ni\u00f1os y j\u00f3venes en situaci\u00f3n de vulnerabilidad socio-econ\u00f3mica, con ganas de estudiar. Hoy Fonbec tiene m\u00e1s de 2.000 becarios, de 16 ciudades de Argentina y 2 ciudades de Bolivia, que gracias a sus padrinos contin\u00faan con sus estudios.&#8221;<\/h4>\n<h3>\u00a0<\/h3>\n<h2 style=\"text-align: center;\"><span style=\"color: #008080;\">Misi\u00f3n<\/span><\/h2>\n<h4 style=\"text-align: center;\">Posibilitar, mediante un aporte econ\u00f3mico y acompa\u00f1amiento acad\u00e9mico y personal, que estudiantes de entornos socio-econ\u00f3micos vulnerables puedan continuar sus estudios, estimulando el esfuerzo, y concretar sus metas acad\u00e9micas y personales.<\/h4>\n<p style=\"text-align: center;\"><span style=\"font-weight: 400;\">Nuestra Misi\u00f3n es <\/span><b>educativa,<\/b> <b>integral, circular y vinculante.<\/b><\/p>\n<ul>\n<li><b>Educativa<\/b><span style=\"font-weight: 400;\">: Creemos en este medio como la herramienta b\u00e1sica de transformaci\u00f3n y promoci\u00f3n social del ser humano.<\/span><span style=\"font-weight: 400;\">\u00a0<\/span><\/li>\n<li><b>Integral<\/b><span style=\"font-weight: 400;\">: Sabemos que el progreso del estudiante genera un impacto positivo en \u00e9l y, tambi\u00e9n, en su familia y entorno.<\/span><span style=\"font-weight: 400;\">\u00a0<\/span><\/li>\n<li><b>Circular<\/b><span style=\"font-weight: 400;\">: Promovemos que nuestros egresados se comprometan con la educaci\u00f3n de otras personas en situaci\u00f3n de vulnerabilidad socioecon\u00f3mica.<\/span><\/li>\n<li><span style=\"font-weight: 400;\">\u00a0<\/span><b>Vinculante<\/b><span style=\"font-weight: 400;\">: Buscamos personas que quieran y puedan ayudar a estudiantes que lo necesitan, con aportes econ\u00f3micos m\u00ednimos, promoviendo una buena comunicaci\u00f3n entre ellos.<\/span><\/li>\n<\/ul>\n\n\n<p><\/p>\n","protected":false},"excerpt":{"rendered":"<p>\u00bfQui\u00e9nes somos? &#8220;En 1999 Facundo Garayoa (actual Director Ejecutivo) comenz\u00f3 con Fonbec, buscando padrinos que apoyen econ\u00f3micamente a ni\u00f1os y j\u00f3venes en situaci\u00f3n de vulnerabilidad socio-econ\u00f3mica, con ganas de estudiar. Hoy Fonbec tiene m\u00e1s de 2.000 becarios, de 16 ciudades de Argentina y 2 ciudades de Bolivia, que gracias a sus padrinos contin\u00faan con sus &hellip; <\/p>\n","protected":false},"author":1,"featured_media":0,"parent":0,"menu_order":0,"comment_status":"closed","ping_status":"open","template":"","meta":{"footnotes":""},"class_list":["post-2003","page","type-page","status-publish","hentry"],"_links":{"self":[{"href":"https:\/\/www.fonbec.org.ar\/index.php?rest_route=\/wp\/v2\/pages\/2003","targetHints":{"allow":["GET"]}}],"collection":[{"href":"https:\/\/www.fonbec.org.ar\/index.php?rest_route=\/wp\/v2\/pages"}],"about":[{"href":"https:\/\/www.fonbec.org.ar\/index.php?rest_route=\/wp\/v2\/types\/page"}],"author":[{"embeddable":true,"href":"https:\/\/www.fonbec.org.ar\/index.php?rest_route=\/wp\/v2\/users\/1"}],"replies":[{"embeddable":true,"href":"https:\/\/www.fonbec.org.ar\/index.php?rest_route=%2Fwp%2Fv2%2Fcomments&post=2003"}],"version-history":[{"count":13,"href":"https:\/\/www.fonbec.org.ar\/index.php?rest_route=\/wp\/v2\/pages\/2003\/revisions"}],"predecessor-version":[{"id":2461,"href":"https:\/\/www.fonbec.org.ar\/index.php?rest_route=\/wp\/v2\/pages\/2003\/revisions\/2461"}],"wp:attachment":[{"href":"https:\/\/www.fonbec.org.ar\/index.php?rest_route=%2Fwp%2Fv2%2Fmedia&parent=2003"}],"curies":[{"name":"wp","href":"https:\/\/api.w.org\/{rel}","templated":true}]}}