{"id":20,"date":"2012-02-06T14:12:13","date_gmt":"2012-02-06T14:12:13","guid":{"rendered":"http:\/\/www.fonbec.org.ar\/wordpress\/?page_id=20"},"modified":"2022-01-26T11:22:56","modified_gmt":"2022-01-26T14:22:56","slug":"balance","status":"publish","type":"page","link":"https:\/\/www.fonbec.org.ar\/?page_id=20","title":{"rendered":"Balances y Certificados"},"content":{"rendered":"<h3><a href=\"https:\/\/www.fonbec.org.ar\/wp-content\/uploads\/2021\/12\/rg_certificado.pdf\">Certificado Exenci\u00f3n Ganancias. Hasta 31122021<\/a><\/h3>\n<h3><a href=\"https:\/\/www.fonbec.org.ar\/wp-content\/uploads\/2022\/01\/CamScanner-01-24-2022-14.32.pdf\">Certificado de habilitaci\u00f3n 2021<\/a><\/h3>\n<h3><a href=\"file:\/\/\/F:\/usuarios\/alumno\/Descargas\/EECC_30711001790_2019%20(1).pdf\">Balance 2019 (Auditado por Deloitte)<\/a><\/h3>\n<h3><a href=\"https:\/\/www.fonbec.org.ar\/wp-content\/uploads\/2022\/01\/CamScanner-01-24-2022-14.01.pdf\">Balance 2018 (Auditado por Deloitte)<\/a><\/h3>\n<h3><a href=\"https:\/\/www.fonbec.org.ar\/wp-content\/uploads\/2012\/02\/Certificado-Exenci\u00f3n-Ganancias.-Hasta-31122020-1.pdf\">Certificado Exenci\u00f3n Ganancias. Hasta 31122020<\/a><\/h3>\n<h3><a href=\"https:\/\/www.fonbec.org.ar\/wp-content\/uploads\/2022\/01\/CamScanner-01-24-2022-13.54.pdf\">Balance 2017 (Auditado por Deloitte)<\/a><\/h3>\n<h3><a href=\"https:\/\/www.fonbec.org.ar\/wp-content\/uploads\/2022\/01\/CamScanner-01-24-2022-14.27.pdf\" target=\"_blank\" rel=\"noopener noreferrer\">Certificado de Subsistencia 2018<\/a><\/h3>\n<h3><a href=\"https:\/\/www.fonbec.org.ar\/wp-content\/uploads\/2022\/01\/CamScanner-01-24-2022-13.42-2.pdf\" target=\"_blank\" rel=\"noopener noreferrer\">Balance 2016<\/a><\/h3>\n<h3><a href=\"https:\/\/www.fonbec.org.ar\/wp-content\/uploads\/2012\/02\/balance-2015.pdf\">Balance 2015<\/a><\/h3>\n<h3><a href=\"https:\/\/www.fonbec.org.ar\/wp-content\/uploads\/2022\/01\/CamScanner-01-24-2022-14.29.pdf\">Certificado de habilitaci\u00f3n 2014<\/a><\/h3>\n<h3><a href=\"https:\/\/www.fonbec.org.ar\/wp-content\/uploads\/2012\/02\/Balance-2014-2.pdf\">Balance 2014<\/a><\/h3>\n<h3><a href=\"https:\/\/www.fonbec.org.ar\/wp-content\/uploads\/2012\/02\/Nomina102.jpg\">N\u00f3mina de Autoridades FONBEC<\/a><\/h3>\n<h3><a href=\"https:\/\/www.fonbec.org.ar\/wp-content\/uploads\/2012\/02\/vizno559.jpg\">Habilitaci\u00f3n Municipalidad de C\u00f3rdoba<\/a><\/h3>\n<h3><a href=\"https:\/\/www.fonbec.org.ar\/wp-content\/uploads\/2012\/02\/cenoc672.jpg\">Certificado CENOC<\/a><\/h3>\n<h3><a href=\"https:\/\/www.fonbec.org.ar\/wp-content\/uploads\/2012\/02\/DGR056.jpg\">Direcci\u00f3n General de Rentas<\/a><\/h3>\n<h3><a href=\"https:\/\/www.fonbec.org.ar\/wp-content\/uploads\/2012\/02\/IPJ053.jpg\">Inspecci\u00f3n de Sociedades y Personas Jur\u00eddicas<\/a><\/h3>\n<h3><a href=\"https:\/\/www.fonbec.org.ar\/wp-content\/uploads\/2012\/02\/balance-fonbec-2013.pdf\">Balance 2013<\/a><\/h3>\n<h3><a href=\"https:\/\/www.fonbec.org.ar\/index.php\/balance\/balance-2012\/\" rel=\"attachment wp-att-662\">Balance 2012<\/a><\/h3>\n<h3><a href=\"https:\/\/www.fonbec.org.ar\/index.php\/balance\/balance-2011\/\" rel=\"attachment wp-att-601\">Balance 2011<\/a><\/h3>\n<h3><a href=\"https:\/\/www.fonbec.org.ar\/index.php\/balance\/balance2010\/\" rel=\"attachment wp-att-602\">Balance 2010<\/a><\/h3>\n<h3><a href=\"https:\/\/www.fonbec.org.ar\/index.php\/balance\/balance2009\/\" rel=\"attachment wp-att-603\">Balance 2009<\/a><\/h3>\n<p><!--\n\n\n<h3><a href=\"https:\/\/www.fonbec.org.ar\/wp-content\/uploads\/2018\/07\/CertificacionDeIngresos2017-BalanceEnTramite.pdf\">Certificaci\u00f3n de ingresos 2017<\/a> (balance en tr\u00e1mite)<\/h3>\n\n\n\n\n<h3><a href=\"https:\/\/www.fonbec.org.ar\/wp-content\/uploads\/2012\/02\/Certificado-Exencion-A\u00f1o-2017-1.pdf\">Certificado Exenci\u00f3n Ganancias 2017<\/a><\/h3>\n\n\n\n\n<h3><a href=\"https:\/\/www.fonbec.org.ar\/wp-content\/uploads\/2012\/02\/FACU071.jpg\">Certificado de Subsistencia<\/a> (otorgado por Inspecci\u00f3n de Personas Jur\u00eddicas)<\/h3>\n\n\n\n\n<h3><a href=\"https:\/\/www.fonbec.org.ar\/wp-content\/uploads\/2012\/02\/certificado81.pdf\">Cert. Art. 81 C Ley de Ganancias<\/a><\/h3>\n\n\n--><\/p>\n","protected":false},"excerpt":{"rendered":"<p>Certificado Exenci\u00f3n Ganancias. Hasta 31122021 Certificado de habilitaci\u00f3n 2021 Balance 2019 (Auditado por Deloitte) Balance 2018 (Auditado por Deloitte) Certificado Exenci\u00f3n Ganancias. Hasta 31122020 Balance 2017 (Auditado por Deloitte) Certificado de Subsistencia 2018 Balance 2016 Balance 2015 Certificado de habilitaci\u00f3n 2014 Balance 2014 N\u00f3mina de Autoridades FONBEC Habilitaci\u00f3n Municipalidad de C\u00f3rdoba Certificado CENOC Direcci\u00f3n General &hellip; <\/p>\n","protected":false},"author":1,"featured_media":0,"parent":0,"menu_order":0,"comment_status":"closed","ping_status":"open","template":"","meta":{"footnotes":""},"class_list":["post-20","page","type-page","status-publish","hentry"],"_links":{"self":[{"href":"https:\/\/www.fonbec.org.ar\/index.php?rest_route=\/wp\/v2\/pages\/20","targetHints":{"allow":["GET"]}}],"collection":[{"href":"https:\/\/www.fonbec.org.ar\/index.php?rest_route=\/wp\/v2\/pages"}],"about":[{"href":"https:\/\/www.fonbec.org.ar\/index.php?rest_route=\/wp\/v2\/types\/page"}],"author":[{"embeddable":true,"href":"https:\/\/www.fonbec.org.ar\/index.php?rest_route=\/wp\/v2\/users\/1"}],"replies":[{"embeddable":true,"href":"https:\/\/www.fonbec.org.ar\/index.php?rest_route=%2Fwp%2Fv2%2Fcomments&post=20"}],"version-history":[{"count":6,"href":"https:\/\/www.fonbec.org.ar\/index.php?rest_route=\/wp\/v2\/pages\/20\/revisions"}],"predecessor-version":[{"id":2407,"href":"https:\/\/www.fonbec.org.ar\/index.php?rest_route=\/wp\/v2\/pages\/20\/revisions\/2407"}],"wp:attachment":[{"href":"https:\/\/www.fonbec.org.ar\/index.php?rest_route=%2Fwp%2Fv2%2Fmedia&parent=20"}],"curies":[{"name":"wp","href":"https:\/\/api.w.org\/{rel}","templated":true}]}}