{"id":18,"date":"2012-02-06T14:11:52","date_gmt":"2012-02-06T14:11:52","guid":{"rendered":"http:\/\/www.fonbec.org.ar\/wordpress\/?page_id=18"},"modified":"2024-03-27T14:05:03","modified_gmt":"2024-03-27T17:05:03","slug":"testimonios","status":"publish","type":"page","link":"https:\/\/www.fonbec.org.ar\/?page_id=18","title":{"rendered":"Amigos"},"content":{"rendered":"<h2 style=\"text-align: center;\"><span style=\"color: #008080;\"><em>Donaciones a FONBEC &#8211; Amigos de FONBEC<\/em><\/span><\/h2>\n<h3 style=\"text-align: center;\"><span style=\"font-weight: 400;\">FONBEC acompa\u00f1a de forma eficiente a sus becarios en lo acad\u00e9mico y en lo personal.<\/span><br \/><span style=\"font-weight: 400;\">La sustentabilidad de la entidad depende de recursos que nos permitan asegurar el cumplimiento de la Misi\u00f3n.<\/span><\/h3>\n<h2 style=\"text-align: center;\"><span style=\"font-weight: 400; color: #008080;\">Ay\u00fadanos a ayudar.\u00a0<\/span><\/h2>\n<p style=\"text-align: center;\"><span style=\"font-weight: 400;\">Si quer\u00e9s ser AMIGO DE FONBEC, pod\u00e9s donar el monto que vos dispongas para seguir ayud\u00e1ndonos a ayudar.<\/span><\/p>\n<h3>\u00a0<\/h3>\n<h2><em><strong>Para donaciones desde fuera de Argentina:<\/strong><\/em><\/h2>\n<p style=\"text-align: center;\"><span style=\"font-weight: 400;\">Pod\u00e9s hacerlo a trav\u00e9s de <a href=\"https:\/\/www.helpargentina.org\/es\/ong\/dt\/id\/65\/fundacion-fonbec\">Help Argentina<\/a>.\u00a0<\/span><\/p>\n<h3>\u00a0<\/h3>\n<h2><em><strong>Para donaciones desde Argentina:<\/strong><\/em><\/h2>\n<p style=\"text-align: center;\"><a href=\"https:\/\/tucuota.com\/link\/7af42060-6390-11ec-85f3-8d59178ca192\"><span style=\"font-weight: 400;\">DONAR AHORA<\/span><\/a><\/p>\n\n<div class=\"wp-block-image\">\n<figure class=\"aligncenter size-large is-resized\"><img loading=\"lazy\" decoding=\"async\" width=\"574\" height=\"848\" src=\"https:\/\/www.fonbec.org.ar\/wp-content\/uploads\/2021\/08\/DonaConMercadoPago.jpg\" alt=\"\" class=\"wp-image-2124\" style=\"width:199px;height:294px\"\/><\/figure>\n<\/div>\n\n\n<p><\/p>\n","protected":false},"excerpt":{"rendered":"<p>Donaciones a FONBEC &#8211; Amigos de FONBEC FONBEC acompa\u00f1a de forma eficiente a sus becarios en lo acad\u00e9mico y en lo personal.La sustentabilidad de la entidad depende de recursos que nos permitan asegurar el cumplimiento de la Misi\u00f3n. Ay\u00fadanos a ayudar.\u00a0 Si quer\u00e9s ser AMIGO DE FONBEC, pod\u00e9s donar el monto que vos dispongas para &hellip; <\/p>\n","protected":false},"author":1,"featured_media":0,"parent":0,"menu_order":0,"comment_status":"closed","ping_status":"open","template":"","meta":{"footnotes":""},"class_list":["post-18","page","type-page","status-publish","hentry"],"_links":{"self":[{"href":"https:\/\/www.fonbec.org.ar\/index.php?rest_route=\/wp\/v2\/pages\/18","targetHints":{"allow":["GET"]}}],"collection":[{"href":"https:\/\/www.fonbec.org.ar\/index.php?rest_route=\/wp\/v2\/pages"}],"about":[{"href":"https:\/\/www.fonbec.org.ar\/index.php?rest_route=\/wp\/v2\/types\/page"}],"author":[{"embeddable":true,"href":"https:\/\/www.fonbec.org.ar\/index.php?rest_route=\/wp\/v2\/users\/1"}],"replies":[{"embeddable":true,"href":"https:\/\/www.fonbec.org.ar\/index.php?rest_route=%2Fwp%2Fv2%2Fcomments&post=18"}],"version-history":[{"count":11,"href":"https:\/\/www.fonbec.org.ar\/index.php?rest_route=\/wp\/v2\/pages\/18\/revisions"}],"predecessor-version":[{"id":2445,"href":"https:\/\/www.fonbec.org.ar\/index.php?rest_route=\/wp\/v2\/pages\/18\/revisions\/2445"}],"wp:attachment":[{"href":"https:\/\/www.fonbec.org.ar\/index.php?rest_route=%2Fwp%2Fv2%2Fmedia&parent=18"}],"curies":[{"name":"wp","href":"https:\/\/api.w.org\/{rel}","templated":true}]}}